{"id":79,"date":"2022-01-20T02:33:48","date_gmt":"2022-01-20T08:33:48","guid":{"rendered":"https:\/\/yotecreo.org.mx\/wordpress\/?page_id=79"},"modified":"2025-09-04T14:22:46","modified_gmt":"2025-09-04T20:22:46","slug":"nuestros-servicios","status":"publish","type":"page","link":"https:\/\/yotecreo.org.mx\/wordpress\/?page_id=79","title":{"rendered":"Nuestros Servicios"},"content":{"rendered":"\n<div class=\"wp-block-buttons is-layout-flex wp-block-buttons-is-layout-flex\">\n<div><a class=\"btn-whatsapp\" href=\"https:\/\/api.whatsapp.com\/send?phone=527711955845&amp;text=Hola%2C%20me%20gustar%C3%ADa%20hacer%20una%20reservaci%C3%B3n\" target=\"_blank\" rel=\"noreferrer noopener\"><i class=\"fab fa-whatsapp\"><\/i> Reservar ahora<\/a><\/div>\n<\/div>\n\n\n<div class=\"servicios-texto\">\n<p style=\"text-align: justify;\"><div class=\"bg-margin-for-link\"><input type='hidden' bg_collapse_expand='69d02d3caff1b3046150106' value='69d02d3caff1b3046150106'><input type='hidden' id='bg-show-more-text-69d02d3caff1b3046150106' value='Psicolog\u00eda'><input type='hidden' id='bg-show-less-text-69d02d3caff1b3046150106' value='Psicolog\u00eda'><a id='bg-showmore-action-69d02d3caff1b3046150106' class='bg-showmore-plg-link bg-arrow '  style=\" color:#79b530;;\" href='#'>Psicolog\u00eda<\/a><div id='bg-showmore-hidden-69d02d3caff1b3046150106' >Asesor\u00eda psicol\u00f3gica e intervenci\u00f3n en crisis desde una perspectiva feminista. \u00a0Reconocemos que cada persona y cada familia vive, procesa y expresa la vivencia de cualquier tipo de violencia de forma diferente. Buscamos generar un espacio de confianza, seguridad y escucha, valorando los riesgos, reconociendo los recursos y respetando los tiempos de cada ni\u00f1a, adolescente, mujer o familia que nos consulta.<\/div><\/div><\/p>\n<p style=\"text-align: justify;\"><div class=\"bg-margin-for-link\"><input type='hidden' bg_collapse_expand='69d02d3caff8b1044130623' value='69d02d3caff8b1044130623'><input type='hidden' id='bg-show-more-text-69d02d3caff8b1044130623' value='Psicoterapia feminista'><input type='hidden' id='bg-show-less-text-69d02d3caff8b1044130623' value='Psicoterapia feminista'><a id='bg-showmore-action-69d02d3caff8b1044130623' class='bg-showmore-plg-link bg-arrow '  style=\" color:#79b530;;\" href='#'>Psicoterapia feminista<\/a><div id='bg-showmore-hidden-69d02d3caff8b1044130623' >La psicoterapia es un modelo de atenci\u00f3n basado en evidencia, mediante intervenciones centradas en enfoques espec\u00edficos que tienen como finalidad la toma de conciencia, el cambio conductual, la reconfiguraci\u00f3n del pensamiento, el acomodo de procesos, la identificaci\u00f3n de recursos o el descubrimiento de la capacidad de resiliencia entre otros.La psicoterapia feminista reconoce las realidades diversas de las infancias y mujeres vulneradas por el sistema patriarcal, por lo tanto, reconoce que no todos los cambios pueden darse como producto de la fuerza de voluntad, sino que el contexto machista y excluyente, as\u00ed como la socializaci\u00f3n del g\u00e9nero son condicionantes y determinantes para la vivencia de cada proceso. Cuestionamos el orden patriarcal y revisamos como \u00e9ste ha determinado nuestras construcciones y vivencias, lo hacemos a trav\u00e9s de una relaci\u00f3n horizontal con la persona consultante, as\u00ed como el respeto y reconocimiento absoluto de la persona que nos consulta como experta en su propia vida. Nuestro modelo terap\u00e9utico se encuentra orientado en el reconocimiento y tejido sororario como instrumento de sanaci\u00f3n, as\u00ed como en la b\u00fasqueda de autonom\u00eda y reapropiaci\u00f3n de nuestra cuerpa y territorio.<\/p>\n<p><\/div><\/div><\/p>\n<p style=\"text-align: justify;\"><div class=\"bg-margin-for-link\"><input type='hidden' bg_collapse_expand='69d02d3cb000f8037923138' value='69d02d3cb000f8037923138'><input type='hidden' id='bg-show-more-text-69d02d3cb000f8037923138' value='Psicoterapia sexual'><input type='hidden' id='bg-show-less-text-69d02d3cb000f8037923138' value='Psicoterapia sexual'><a id='bg-showmore-action-69d02d3cb000f8037923138' class='bg-showmore-plg-link bg-arrow '  style=\" color:#69b530;;\" href='#'>Psicoterapia sexual<\/a><div id='bg-showmore-hidden-69d02d3cb000f8037923138' >Un espacio de acompa\u00f1amiento para el redescubrimiento y desmitificaci\u00f3n de tu sexualidad, la atenci\u00f3n de las disfunciones de la vida er\u00f3tica y afectiva, as\u00ed como el reconocimiento del derecho al placer como derecho humano universal. La atenci\u00f3n sexol\u00f3gica se centra en el modelo de sexolog\u00eda existencial humanista que promueve el respeto a la diversidad, y prioriza a los derechos humanos y al consentimiento como ejes de la comprensi\u00f3n y el abordaje de la sexualidad en psicoterapia.<\/div><\/div><\/p>\n<p style=\"text-align: justify;\"><div class=\"bg-margin-for-link\"><input type='hidden' bg_collapse_expand='69d02d3cb00461029320227' value='69d02d3cb00461029320227'><input type='hidden' id='bg-show-more-text-69d02d3cb00461029320227' value='Atenci\u00f3n especializada de las violencias sexuales y de g\u00e9nero'><input type='hidden' id='bg-show-less-text-69d02d3cb00461029320227' value='Atenci\u00f3n especializada de las violencias sexuales y de g\u00e9nero'><a id='bg-showmore-action-69d02d3cb00461029320227' class='bg-showmore-plg-link bg-arrow '  style=\" color:#69b530;;\" href='#'>Atenci\u00f3n especializada de las violencias sexuales y de g\u00e9nero<\/a><div id='bg-showmore-hidden-69d02d3cb00461029320227' >Nuestra equipa de especialistas te brindar\u00e1 acompa\u00f1amiento c\u00e1lido y sororario desde el momento en que nos contactes. Psic\u00f3logas, psicoterapeutas, sex\u00f3logas y abogadas trabajamos en conjunto para determinar rutas de atenci\u00f3n no revictimizantes de acuerdo con cada situaci\u00f3n y contexto.<\/p>\n<p style=\"text-align: justify\"><img loading=\"lazy\" decoding=\"async\" class=\" wp-image-122 aligncenter\" src=\"https:\/\/yotecreo.org.mx\/wordpress\/wp-content\/uploads\/2022\/01\/Picsart_22-01-21_11-58-43-333-300x169.jpg\" alt=\"\" width=\"372\" height=\"210\" srcset=\"https:\/\/yotecreo.org.mx\/wordpress\/wp-content\/uploads\/2022\/01\/Picsart_22-01-21_11-58-43-333-300x169.jpg 300w, https:\/\/yotecreo.org.mx\/wordpress\/wp-content\/uploads\/2022\/01\/Picsart_22-01-21_11-58-43-333-1024x576.jpg 1024w, https:\/\/yotecreo.org.mx\/wordpress\/wp-content\/uploads\/2022\/01\/Picsart_22-01-21_11-58-43-333-768x432.jpg 768w, https:\/\/yotecreo.org.mx\/wordpress\/wp-content\/uploads\/2022\/01\/Picsart_22-01-21_11-58-43-333-1536x864.jpg 1536w, https:\/\/yotecreo.org.mx\/wordpress\/wp-content\/uploads\/2022\/01\/Picsart_22-01-21_11-58-43-333-848x480.jpg 848w, https:\/\/yotecreo.org.mx\/wordpress\/wp-content\/uploads\/2022\/01\/Picsart_22-01-21_11-58-43-333.jpg 1920w\" sizes=\"auto, (max-width: 372px) 100vw, 372px\" \/><br \/><\/div><\/div><\/p>\n<p style=\"text-align: justify;\"><div class=\"bg-margin-for-link\"><input type='hidden' bg_collapse_expand='69d02d3cb00de0067790129' value='69d02d3cb00de0067790129'><input type='hidden' id='bg-show-more-text-69d02d3cb00de0067790129' value='Desarrollo de factores de protecci\u00f3n contra las violencias sexuales y Coeducaci\u00f3n Integral de la Sexualidad'><input type='hidden' id='bg-show-less-text-69d02d3cb00de0067790129' value='Desarrollo de factores de protecci\u00f3n contra las violencias sexuales y Coeducaci\u00f3n Integral de la Sexualidad'><a id='bg-showmore-action-69d02d3cb00de0067790129' class='bg-showmore-plg-link bg-arrow '  style=\" color:#69b530;;\" href='#'>Desarrollo de factores de protecci\u00f3n contra las violencias sexuales y Coeducaci\u00f3n Integral de la Sexualidad<\/a><div id='bg-showmore-hidden-69d02d3cb00de0067790129' >Contamos con programas formativos y educativos para madres, padres, personas cuidadoras y tutoras de infancias y adolescencias para el desarrollo de habilidades, el fortalecimiento de saberes y la promoci\u00f3n de derechos humanos, derechos sexuales y reproductivos.<br \/>Creamos y abrimos espacios para las infancias y adolescencias en materia de educaci\u00f3n integral de las sexualidades y desarrollo de recursos ante las violencias, bajo un enfoque feminista, de ni\u00f1ez, laico y de diversidades.<br \/>Capacitamos a instituciones p\u00fablicas y privadas en materia de sexualidad y creaci\u00f3n de espacios libres de violencias.<\/p>\n<p style=\"text-align: justify\"><img loading=\"lazy\" decoding=\"async\" class=\"wp-image-123 aligncenter\" src=\"https:\/\/yotecreo.org.mx\/wordpress\/wp-content\/uploads\/2022\/01\/Picsart_22-01-21_10-05-18-395-300x225.jpg\" alt=\"\" width=\"356\" height=\"267\" srcset=\"https:\/\/yotecreo.org.mx\/wordpress\/wp-content\/uploads\/2022\/01\/Picsart_22-01-21_10-05-18-395-300x225.jpg 300w, https:\/\/yotecreo.org.mx\/wordpress\/wp-content\/uploads\/2022\/01\/Picsart_22-01-21_10-05-18-395-1024x768.jpg 1024w, https:\/\/yotecreo.org.mx\/wordpress\/wp-content\/uploads\/2022\/01\/Picsart_22-01-21_10-05-18-395-768x576.jpg 768w, https:\/\/yotecreo.org.mx\/wordpress\/wp-content\/uploads\/2022\/01\/Picsart_22-01-21_10-05-18-395.jpg 1440w\" sizes=\"auto, (max-width: 356px) 100vw, 356px\" \/><br \/><img loading=\"lazy\" decoding=\"async\" class=\"wp-image-125 aligncenter\" src=\"https:\/\/yotecreo.org.mx\/wordpress\/wp-content\/uploads\/2022\/01\/Picsart_22-01-21_10-08-32-479-300x225.jpg\" alt=\"\" width=\"356\" height=\"267\" srcset=\"https:\/\/yotecreo.org.mx\/wordpress\/wp-content\/uploads\/2022\/01\/Picsart_22-01-21_10-08-32-479-300x225.jpg 300w, https:\/\/yotecreo.org.mx\/wordpress\/wp-content\/uploads\/2022\/01\/Picsart_22-01-21_10-08-32-479-1024x768.jpg 1024w, https:\/\/yotecreo.org.mx\/wordpress\/wp-content\/uploads\/2022\/01\/Picsart_22-01-21_10-08-32-479-768x576.jpg 768w, https:\/\/yotecreo.org.mx\/wordpress\/wp-content\/uploads\/2022\/01\/Picsart_22-01-21_10-08-32-479.jpg 1440w\" sizes=\"auto, (max-width: 356px) 100vw, 356px\" \/><span style=\"color: initial\"><br \/><\/div><\/div><\/span><\/p>\n<\/div>\n\n\n<p><\/p>\n","protected":false},"excerpt":{"rendered":"","protected":false},"author":2,"featured_media":0,"parent":0,"menu_order":0,"comment_status":"closed","ping_status":"closed","template":"","meta":{"footnotes":""},"class_list":["post-79","page","type-page","status-publish","hentry"],"jetpack_sharing_enabled":true,"_links":{"self":[{"href":"https:\/\/yotecreo.org.mx\/wordpress\/index.php?rest_route=\/wp\/v2\/pages\/79","targetHints":{"allow":["GET"]}}],"collection":[{"href":"https:\/\/yotecreo.org.mx\/wordpress\/index.php?rest_route=\/wp\/v2\/pages"}],"about":[{"href":"https:\/\/yotecreo.org.mx\/wordpress\/index.php?rest_route=\/wp\/v2\/types\/page"}],"author":[{"embeddable":true,"href":"https:\/\/yotecreo.org.mx\/wordpress\/index.php?rest_route=\/wp\/v2\/users\/2"}],"replies":[{"embeddable":true,"href":"https:\/\/yotecreo.org.mx\/wordpress\/index.php?rest_route=%2Fwp%2Fv2%2Fcomments&post=79"}],"version-history":[{"count":23,"href":"https:\/\/yotecreo.org.mx\/wordpress\/index.php?rest_route=\/wp\/v2\/pages\/79\/revisions"}],"predecessor-version":[{"id":988,"href":"https:\/\/yotecreo.org.mx\/wordpress\/index.php?rest_route=\/wp\/v2\/pages\/79\/revisions\/988"}],"wp:attachment":[{"href":"https:\/\/yotecreo.org.mx\/wordpress\/index.php?rest_route=%2Fwp%2Fv2%2Fmedia&parent=79"}],"curies":[{"name":"wp","href":"https:\/\/api.w.org\/{rel}","templated":true}]}}