{"id":762,"date":"2023-08-06T00:53:28","date_gmt":"2023-08-06T06:53:28","guid":{"rendered":"https:\/\/yotecreo.org.mx\/wordpress\/?page_id=762"},"modified":"2023-11-08T13:44:26","modified_gmt":"2023-11-08T19:44:26","slug":"testimonios","status":"publish","type":"page","link":"https:\/\/yotecreo.org.mx\/wordpress\/?page_id=762","title":{"rendered":"Testimonios"},"content":{"rendered":"<p style=\"text-align: right;\"><a href=\"https:\/\/yotecreo.org.mx\/wordpress\/?page_id=793\">Registra tu testimonio<\/a><\/p>\n\n<div class=\"strong-view strong-view-id-2 default wpmtst-default\" data-count=4><div class=\"strong-content strong-columns columns-2\"><div class=\"wpmtst-testimonial testimonial post-812\"><div class=\"wpmtst-testimonial-inner testimonial-inner\"><div    class=\"wpmtst-testimonial-content testimonial-content\"><div class=\"maybe-clear\"><\/div><p>Gracias a Yo te Creo es que mi familia y yo salimos adelante despu\u00e9s de una situaci\u00f3n de abuso sexual a infantes , puedo decir que me siento afortunada de haber llegado al lugar correcto con las personas indicadas, es como sentir que vuelves a retomar tu vida por el camino correcto con la ayuda de las mejores especialistas.<br \/>\nSi est\u00e1s pasando por una situaci\u00f3n de abuso sexual , esta es la organizaci\u00f3n indicada, gracias por todo , #en manada no da miedo nada.<br \/>\nYo te Creo , por siempre mi lugar y espacio seguro \ud83d\udc9c\ud83d\ude0a<\/p><\/div><div class=\"wpmtst-testimonial-field testimonial-field \">Les<\/div><div class=\"clear\"><\/div><\/div><\/div><div class=\"wpmtst-testimonial testimonial post-811\"><div class=\"wpmtst-testimonial-inner testimonial-inner\"><div    class=\"wpmtst-testimonial-content testimonial-content\"><div class=\"maybe-clear\"><\/div><p>Yo te creo es un lugar seguro, es un lugar de confianza, que te hace sentir acompa\u00f1adx, lleno de mujeres profesionales y humanas, que te ense\u00f1an con compasi\u00f3n y sin juicio, sin duda es un espacio de crecimiento personal, profesional y social.<\/p><\/div><div class=\"wpmtst-testimonial-field testimonial-field \">Montse<\/div><div class=\"clear\"><\/div><\/div><\/div><div class=\"wpmtst-testimonial testimonial post-808\"><div class=\"wpmtst-testimonial-inner testimonial-inner\"><div    class=\"wpmtst-testimonial-content testimonial-content\"><div class=\"maybe-clear\"><\/div><p>Yo Te Creo es una organizaci\u00f3n que se ha preocupado por la atenci\u00f3n a las v\u00edctimas de la violencia sexual y que como parte de sus acciones se encuentra la profesionalizaci\u00f3n de quienes acompa\u00f1amos v\u00edctimas. He aprendido much\u00edsimo de su experiencia, y agradezco enormemente que se tomen el tiempo de apoyarnos a construir m\u00e1s herramientas. Su trabajo es maravilloso, gracias.<\/p><\/div><div class=\"wpmtst-testimonial-field testimonial-field \">Gloria<\/div><div class=\"clear\"><\/div><\/div><\/div><div class=\"wpmtst-testimonial testimonial post-806\"><div class=\"wpmtst-testimonial-inner testimonial-inner\"><div    class=\"wpmtst-testimonial-content testimonial-content\"><div class=\"maybe-clear\"><\/div><p>Hola, yo empec\u00e9 a ir a \u00abYo Te Creo\u00bb, debido a que me encontraba en una situaci\u00f3n muy pesada con varias personas de mi entorno. Pensaba que venir no me ayudar\u00eda mucho, pero en realidad fue todo lo contrario. Con el tiempo me fui dando cuenta de muchas cosas con la ayuda de la psicoterapeuta Ingrid.<br \/>\nRealmente me alegra haber venido y terminado todo s\u00e9 que podr\u00e9 seguir mejorando en la vida con lo que aprend\u00ed y entend\u00ed viniendo aqu\u00ed.<br \/>\nGracias<\/p><\/div><div class=\"wpmtst-testimonial-field testimonial-field \">An\u00f3nimo<\/div><div class=\"clear\"><\/div><\/div><\/div><\/div><\/div>\n\n\n\n<hr class=\"wp-block-separator has-alpha-channel-opacity\"\/>\n","protected":false},"excerpt":{"rendered":"<p>Registra tu testimonio<\/p>\n","protected":false},"author":2,"featured_media":0,"parent":0,"menu_order":0,"comment_status":"closed","ping_status":"closed","template":"","meta":{"footnotes":""},"class_list":["post-762","page","type-page","status-publish","hentry"],"jetpack_sharing_enabled":true,"_links":{"self":[{"href":"https:\/\/yotecreo.org.mx\/wordpress\/index.php?rest_route=\/wp\/v2\/pages\/762","targetHints":{"allow":["GET"]}}],"collection":[{"href":"https:\/\/yotecreo.org.mx\/wordpress\/index.php?rest_route=\/wp\/v2\/pages"}],"about":[{"href":"https:\/\/yotecreo.org.mx\/wordpress\/index.php?rest_route=\/wp\/v2\/types\/page"}],"author":[{"embeddable":true,"href":"https:\/\/yotecreo.org.mx\/wordpress\/index.php?rest_route=\/wp\/v2\/users\/2"}],"replies":[{"embeddable":true,"href":"https:\/\/yotecreo.org.mx\/wordpress\/index.php?rest_route=%2Fwp%2Fv2%2Fcomments&post=762"}],"version-history":[{"count":6,"href":"https:\/\/yotecreo.org.mx\/wordpress\/index.php?rest_route=\/wp\/v2\/pages\/762\/revisions"}],"predecessor-version":[{"id":856,"href":"https:\/\/yotecreo.org.mx\/wordpress\/index.php?rest_route=\/wp\/v2\/pages\/762\/revisions\/856"}],"wp:attachment":[{"href":"https:\/\/yotecreo.org.mx\/wordpress\/index.php?rest_route=%2Fwp%2Fv2%2Fmedia&parent=762"}],"curies":[{"name":"wp","href":"https:\/\/api.w.org\/{rel}","templated":true}]}}