{"id":3,"date":"2020-06-15T07:31:20","date_gmt":"2020-06-15T07:31:20","guid":{"rendered":"http:\/\/yotecreo.org.mx\/wordpress\/?page_id=3"},"modified":"2023-07-13T18:24:57","modified_gmt":"2023-07-14T00:24:57","slug":"politica-privacidad","status":"publish","type":"page","link":"https:\/\/yotecreo.org.mx\/wordpress\/?page_id=3","title":{"rendered":"AVISO DE PRIVACIDAD INTEGRAL"},"content":{"rendered":"\n<p class=\"alingTextJustify\">Yo te creo, por una ni\u00f1ez libre de violencias sexuales A.C., con domicilio en Pachuca de Soto, Hidalgo, es el responsable del tratamiento de los datos personales que nos proporcione, los cuales ser\u00e1n protegidos conforme a lo dispuesto en la Ley Federal de Protecci\u00f3n de Datos Personales en Posesi\u00f3n de los Particulares y dem\u00e1s normatividad aplicable.<\/p>\n\n\n\n<p class=\"alingTextJustify\">Los datos personales recabados ser\u00e1n manejados con estricta sujeci\u00f3n al secreto profesional, confidencialidad, no ser\u00e1n divulgados y ser\u00e1n utilizados durante el tiempo que sea necesario, lo que permitir\u00e1 y facilitar\u00e1 brindarle una mejor atenci\u00f3n, mismos que ocuparemos para las siguientes finalidades: <strong>a)<\/strong> Uso interno y exclusivo de la asociaci\u00f3n, <strong>b)<\/strong> Generaci\u00f3n de un expediente electr\u00f3nico interno, <strong>c)<\/strong> Seguimiento de la especialidad solicitada, <strong>d)<\/strong> Acceso \u00fanico y exclusivo de las profesionistas que laboran dentro de la asociaci\u00f3n, <strong>e)<\/strong> Uso para la elaboraci\u00f3n de estad\u00edsticas sobre los servicios ofrecidos, atender sus comentarios y\/o sugerencias, establecer contacto con usted, brindarle informaci\u00f3n respecto de nuestros servicios, talleres o conferencias, agendar citas con nuestras especialistas y enviarle fechas de nuestros pr\u00f3ximos eventos.<\/p>\n\n\n\n<p class=\"alingTextJustify\">Le informamos que no realizaremos transferencias de datos personales, salvo aquellos casos que sean necesarios para atender los requerimientos de una autoridad competente, los cuales deben estar debidamente fundados y motivados.<\/p>\n\n\n\n<p class=\"alingTextJustify\">El tratamiento de sus datos personales se realiza con fundamentos en los art\u00edculos 16, p\u00e1rrafos primero y segundo de la Constituci\u00f3n Pol\u00edtica de los Estados Unidos Mexicanos, art\u00edculos 1, 15, 16, 17, 22, 28, 29, 36 y dem\u00e1s aplicables de la Ley Federal de Protecci\u00f3n de Datos Personales en Posesi\u00f3n de los Particulares, as\u00ed como otras leyes aplicables en la materia.<\/p>\n\n\n\n<p class=\"alingTextJustify\">El presente aviso de privacidad puede sufrir modificaciones, cambios o actualizaciones derivadas de nuevos requerimientos legales, de las necesidades propias de la organizaci\u00f3n o por causas diversas. De ser el caso, le haremos de su conocimiento en nuestra p\u00e1gina de internet <a href=\"http:\/\/www.yotecreo.org.mx\">www.yotecreo.org.mx<\/a>, en el apartado de avisos de privacidad.<\/p>\n\n\n\n<p class=\"has-text-align-right\">Pachuca de Soto, Hidalgo; 31 de marzo de 2022.<\/p>\n","protected":false},"excerpt":{"rendered":"<p>Yo te creo, por una ni\u00f1ez libre de violencias sexuales A.C., con domicilio en Pachuca de Soto, Hidalgo, es el responsable del tratamiento de los datos personales que nos proporcione, los cuales ser\u00e1n protegidos conforme a lo dispuesto en la Ley Federal de Protecci\u00f3n de Datos Personales en Posesi\u00f3n de [&hellip;]<\/p>\n","protected":false},"author":1,"featured_media":0,"parent":0,"menu_order":0,"comment_status":"closed","ping_status":"open","template":"","meta":{"footnotes":""},"class_list":["post-3","page","type-page","status-publish","hentry"],"jetpack_sharing_enabled":true,"_links":{"self":[{"href":"https:\/\/yotecreo.org.mx\/wordpress\/index.php?rest_route=\/wp\/v2\/pages\/3","targetHints":{"allow":["GET"]}}],"collection":[{"href":"https:\/\/yotecreo.org.mx\/wordpress\/index.php?rest_route=\/wp\/v2\/pages"}],"about":[{"href":"https:\/\/yotecreo.org.mx\/wordpress\/index.php?rest_route=\/wp\/v2\/types\/page"}],"author":[{"embeddable":true,"href":"https:\/\/yotecreo.org.mx\/wordpress\/index.php?rest_route=\/wp\/v2\/users\/1"}],"replies":[{"embeddable":true,"href":"https:\/\/yotecreo.org.mx\/wordpress\/index.php?rest_route=%2Fwp%2Fv2%2Fcomments&post=3"}],"version-history":[{"count":4,"href":"https:\/\/yotecreo.org.mx\/wordpress\/index.php?rest_route=\/wp\/v2\/pages\/3\/revisions"}],"predecessor-version":[{"id":760,"href":"https:\/\/yotecreo.org.mx\/wordpress\/index.php?rest_route=\/wp\/v2\/pages\/3\/revisions\/760"}],"wp:attachment":[{"href":"https:\/\/yotecreo.org.mx\/wordpress\/index.php?rest_route=%2Fwp%2Fv2%2Fmedia&parent=3"}],"curies":[{"name":"wp","href":"https:\/\/api.w.org\/{rel}","templated":true}]}}