{"id":224,"date":"2022-03-30T21:43:11","date_gmt":"2022-03-31T03:43:11","guid":{"rendered":"https:\/\/yotecreo.org.mx\/wordpress\/?page_id=224"},"modified":"2024-03-22T12:40:55","modified_gmt":"2024-03-22T18:40:55","slug":"actividades","status":"publish","type":"page","link":"https:\/\/yotecreo.org.mx\/wordpress\/?page_id=224","title":{"rendered":"Actividades"},"content":{"rendered":"\n<figure class=\"wp-block-gallery has-nested-images columns-default is-cropped wp-block-gallery-1 is-layout-flex wp-block-gallery-is-layout-flex\">\n<figure class=\"wp-block-image size-large\"><img loading=\"lazy\" decoding=\"async\" width=\"1024\" height=\"1024\" data-id=\"909\" src=\"https:\/\/yotecreo.org.mx\/wordpress\/wp-content\/uploads\/2024\/03\/430652837_729814019266003_3731097766160551942_n-1024x1024.jpg\" alt=\"\" class=\"wp-image-909\" srcset=\"https:\/\/yotecreo.org.mx\/wordpress\/wp-content\/uploads\/2024\/03\/430652837_729814019266003_3731097766160551942_n-1024x1024.jpg 1024w, https:\/\/yotecreo.org.mx\/wordpress\/wp-content\/uploads\/2024\/03\/430652837_729814019266003_3731097766160551942_n-300x300.jpg 300w, https:\/\/yotecreo.org.mx\/wordpress\/wp-content\/uploads\/2024\/03\/430652837_729814019266003_3731097766160551942_n-150x150.jpg 150w, https:\/\/yotecreo.org.mx\/wordpress\/wp-content\/uploads\/2024\/03\/430652837_729814019266003_3731097766160551942_n-768x768.jpg 768w, https:\/\/yotecreo.org.mx\/wordpress\/wp-content\/uploads\/2024\/03\/430652837_729814019266003_3731097766160551942_n-75x75.jpg 75w, https:\/\/yotecreo.org.mx\/wordpress\/wp-content\/uploads\/2024\/03\/430652837_729814019266003_3731097766160551942_n.jpg 1080w\" sizes=\"auto, (max-width: 1024px) 100vw, 1024px\" \/><\/figure>\n<\/figure>\n\n\n\n<p><img loading=\"lazy\" decoding=\"async\" height=\"16\" width=\"16\" alt=\"\ud83e\uddd8\u200d\u2640\ufe0f\" src=\"https:\/\/static.xx.fbcdn.net\/images\/emoji.php\/v9\/td3\/1\/16\/1f9d8_200d_2640.png\">&nbsp;\u00bfBuscas un espacio seguro y comprensivo para atender casos de violencias sexuales y de g\u00e9nero?<\/p>\n\n\n\n<p><img loading=\"lazy\" decoding=\"async\" height=\"16\" width=\"16\" alt=\"\ud83d\udd0d\" src=\"https:\/\/static.xx.fbcdn.net\/images\/emoji.php\/v9\/tc1\/1\/16\/1f50d.png\">&nbsp;\u00danete al \u00abGrupo de Supervisi\u00f3n de Casos\u00bb acompa\u00f1ado por la Mtra. Ingrid Guerrero, sex\u00f3loga y psicoterapeuta feminista con m\u00e1s de 10 a\u00f1os de experiencia.<\/p>\n\n\n\n<p><img loading=\"lazy\" decoding=\"async\" height=\"16\" width=\"16\" alt=\"\ud83d\udcc5\" src=\"https:\/\/static.xx.fbcdn.net\/images\/emoji.php\/v9\/t7e\/1\/16\/1f4c5.png\">&nbsp;Todos los jueves de 8 a 10 pm.<\/p>\n\n\n\n<p><img loading=\"lazy\" decoding=\"async\" height=\"16\" width=\"16\" alt=\"\ud83d\udc9c\" src=\"https:\/\/static.xx.fbcdn.net\/images\/emoji.php\/v9\/t96\/1\/16\/1f49c.png\"><img loading=\"lazy\" decoding=\"async\" height=\"16\" width=\"16\" alt=\"\ud83d\udc9a\" src=\"https:\/\/static.xx.fbcdn.net\/images\/emoji.php\/v9\/t94\/1\/16\/1f49a.png\">Bajo un enfoque feminista, psicosocial y de cuidados, aprender\u00e1s a:<\/p>\n\n\n\n<p><img loading=\"lazy\" decoding=\"async\" height=\"16\" width=\"16\" alt=\"\u2728\" src=\"https:\/\/static.xx.fbcdn.net\/images\/emoji.php\/v9\/tf4\/1\/16\/2728.png\">&nbsp;Acompa\u00f1ar desde la psicoterapia feminista<br><img loading=\"lazy\" decoding=\"async\" height=\"16\" width=\"16\" alt=\"\u2728\" src=\"https:\/\/static.xx.fbcdn.net\/images\/emoji.php\/v9\/tf4\/1\/16\/2728.png\">&nbsp;Acompa\u00f1ar desde el enfoque psicosocial<br><img loading=\"lazy\" decoding=\"async\" height=\"16\" width=\"16\" alt=\"\u2728\" src=\"https:\/\/static.xx.fbcdn.net\/images\/emoji.php\/v9\/tf4\/1\/16\/2728.png\">&nbsp;Abordar trauma y violencias desde un enfoque de ni\u00f1eces y adolescencias<br><img loading=\"lazy\" decoding=\"async\" height=\"16\" width=\"16\" alt=\"\u2728\" src=\"https:\/\/static.xx.fbcdn.net\/images\/emoji.php\/v9\/tf4\/1\/16\/2728.png\">&nbsp;Incorporar el enfoque de cuidados en la pr\u00e1ctica terap\u00e9utica<\/p>\n\n\n\n<p><img loading=\"lazy\" decoding=\"async\" height=\"16\" width=\"16\" alt=\"\u26a1\" src=\"https:\/\/static.xx.fbcdn.net\/images\/emoji.php\/v9\/t5d\/1\/16\/26a1.png\">&nbsp;Cupo limitado a 10 mujeres acompa\u00f1antes de casos de violencias sexuales y\/o de g\u00e9nero.<\/p>\n\n\n\n<p><img loading=\"lazy\" decoding=\"async\" height=\"16\" width=\"16\" alt=\"\ud83d\udce2\" src=\"https:\/\/static.xx.fbcdn.net\/images\/emoji.php\/v9\/t39\/1\/16\/1f4e2.png\">&nbsp;\u00a1Inscr\u00edbete ahora para reservar tu lugar! Transformaremos realidades con empat\u00eda y herramientas especializadas.<\/p>\n\n\n\n<p>INFORMES E INSCRIPCIONES AL&nbsp;<a href=\"https:\/\/api.whatsapp.com\/send?phone=5217711955845&amp;text=Enlace%3A%0Ahttps%3A%2F%2Ffb.me%2F4qk8Nlatt%0A%0AVi%20esto%20en%20Facebook...&amp;app=facebook&amp;fbclid=IwAR0CsU4X6p6DFNy3QgAUmoEs-FTAA2p_hDueHCFxw5zub-o9tjzsmHm78SE\" rel=\"noreferrer noopener\" target=\"_blank\">771 195 5845<\/a><\/p>\n\n\n\n<figure class=\"wp-block-gallery has-nested-images columns-default is-cropped wp-block-gallery-2 is-layout-flex wp-block-gallery-is-layout-flex\">\n<figure class=\"wp-block-image size-large\"><img loading=\"lazy\" decoding=\"async\" width=\"1024\" height=\"1024\" data-id=\"913\" src=\"https:\/\/yotecreo.org.mx\/wordpress\/wp-content\/uploads\/2024\/03\/Imagen-de-WhatsApp-2024-03-22-a-las-12.32.00_a07a9adc-1024x1024.jpg\" alt=\"\" class=\"wp-image-913\" srcset=\"https:\/\/yotecreo.org.mx\/wordpress\/wp-content\/uploads\/2024\/03\/Imagen-de-WhatsApp-2024-03-22-a-las-12.32.00_a07a9adc-1024x1024.jpg 1024w, https:\/\/yotecreo.org.mx\/wordpress\/wp-content\/uploads\/2024\/03\/Imagen-de-WhatsApp-2024-03-22-a-las-12.32.00_a07a9adc-300x300.jpg 300w, https:\/\/yotecreo.org.mx\/wordpress\/wp-content\/uploads\/2024\/03\/Imagen-de-WhatsApp-2024-03-22-a-las-12.32.00_a07a9adc-150x150.jpg 150w, https:\/\/yotecreo.org.mx\/wordpress\/wp-content\/uploads\/2024\/03\/Imagen-de-WhatsApp-2024-03-22-a-las-12.32.00_a07a9adc-768x768.jpg 768w, https:\/\/yotecreo.org.mx\/wordpress\/wp-content\/uploads\/2024\/03\/Imagen-de-WhatsApp-2024-03-22-a-las-12.32.00_a07a9adc-75x75.jpg 75w, https:\/\/yotecreo.org.mx\/wordpress\/wp-content\/uploads\/2024\/03\/Imagen-de-WhatsApp-2024-03-22-a-las-12.32.00_a07a9adc.jpg 1080w\" sizes=\"auto, (max-width: 1024px) 100vw, 1024px\" \/><\/figure>\n<\/figure>\n\n\n\n<p><br>Ve por tus concepciones moradas a <a href=\"https:\/\/www.facebook.com\/PanaderiaSotero?__cft__[0]=AZV-DsvDx1Z3JXhg06Fq-4IcmrXSN8iMar9ZHVftw2FRR-BLGIPMiE6iGeFcQ0O5Y8UOwL7kAW2XXRTNli3A2Z12j4z15-pq08gU2cFUXZbpThHHFEA7zMPE8ILemMfpqdmQFqar5MY_3uXjFAONmtQVXvNhnF_PIyxSvGF1bzIdeVE5XbFEU4F9fYXU1cgWZn8&amp;__tn__=-]K-R\">La Panader\u00eda de Sotero<\/a> y ay\u00fadanos a seguir beneficiando a m\u00e1s ni\u00f1eces<\/p>\n\n\n\n<p><\/p>\n","protected":false},"excerpt":{"rendered":"<p>&nbsp;\u00bfBuscas un espacio seguro y comprensivo para atender casos de violencias sexuales y de g\u00e9nero? &nbsp;\u00danete al \u00abGrupo de Supervisi\u00f3n de Casos\u00bb acompa\u00f1ado por la Mtra. Ingrid Guerrero, sex\u00f3loga y psicoterapeuta feminista con m\u00e1s de 10 a\u00f1os de experiencia. &nbsp;Todos los jueves de 8 a 10 pm. Bajo un enfoque [&hellip;]<\/p>\n","protected":false},"author":2,"featured_media":0,"parent":0,"menu_order":0,"comment_status":"closed","ping_status":"closed","template":"","meta":{"footnotes":""},"class_list":["post-224","page","type-page","status-publish","hentry"],"jetpack_sharing_enabled":true,"_links":{"self":[{"href":"https:\/\/yotecreo.org.mx\/wordpress\/index.php?rest_route=\/wp\/v2\/pages\/224","targetHints":{"allow":["GET"]}}],"collection":[{"href":"https:\/\/yotecreo.org.mx\/wordpress\/index.php?rest_route=\/wp\/v2\/pages"}],"about":[{"href":"https:\/\/yotecreo.org.mx\/wordpress\/index.php?rest_route=\/wp\/v2\/types\/page"}],"author":[{"embeddable":true,"href":"https:\/\/yotecreo.org.mx\/wordpress\/index.php?rest_route=\/wp\/v2\/users\/2"}],"replies":[{"embeddable":true,"href":"https:\/\/yotecreo.org.mx\/wordpress\/index.php?rest_route=%2Fwp%2Fv2%2Fcomments&post=224"}],"version-history":[{"count":27,"href":"https:\/\/yotecreo.org.mx\/wordpress\/index.php?rest_route=\/wp\/v2\/pages\/224\/revisions"}],"predecessor-version":[{"id":915,"href":"https:\/\/yotecreo.org.mx\/wordpress\/index.php?rest_route=\/wp\/v2\/pages\/224\/revisions\/915"}],"wp:attachment":[{"href":"https:\/\/yotecreo.org.mx\/wordpress\/index.php?rest_route=%2Fwp%2Fv2%2Fmedia&parent=224"}],"curies":[{"name":"wp","href":"https:\/\/api.w.org\/{rel}","templated":true}]}}