{"id":2,"date":"2020-06-15T07:31:20","date_gmt":"2020-06-15T07:31:20","guid":{"rendered":"http:\/\/yotecreo.org.mx\/wordpress\/?page_id=2"},"modified":"2023-11-09T10:20:59","modified_gmt":"2023-11-09T16:20:59","slug":"pagina-ejemplo","status":"publish","type":"page","link":"https:\/\/yotecreo.org.mx\/wordpress\/","title":{"rendered":"P\u00e1gina de ejemplo"},"content":{"rendered":"\n<p class=\"has-text-align-center\">Somos una asociaci\u00f3n feminista especializada en la <\/p>\n\n\n\n<p class=\"has-text-align-center\">prevenci\u00f3n y atenci\u00f3n de las violencias sexuales y de g\u00e9nero.<\/p>\n\n\n\n<p class=\"has-text-align-center\">Promovemos el derecho a la educaci\u00f3n integral de las sexualidades <\/p>\n\n\n\n<p class=\"has-text-align-center\">como recurso ante las vulneraciones, <\/p>\n\n\n\n<p class=\"has-text-align-center\">discriminaciones y opresiones que viven las <\/p>\n\n\n\n<p class=\"has-text-align-center\">infancias, adolescencias y mujeres.<\/p>\n\n\n\n<div class=\"wp-block-buttons is-content-justification-center is-layout-flex wp-container-core-buttons-is-layout-a89b3969 wp-block-buttons-is-layout-flex\">\n<div class=\"wp-block-button is-style-outline is-style-outline--1\"><a class=\"wp-block-button__link has-text-align-center wp-element-button\" href=\"https:\/\/www.paypal.com\/donate\/?hosted_button_id=9YQLKWX6E7KKE\">Donar<\/a><\/div>\n<\/div>\n","protected":false},"excerpt":{"rendered":"<p>Somos una asociaci\u00f3n feminista especializada en la prevenci\u00f3n y atenci\u00f3n de las violencias sexuales y de g\u00e9nero. Promovemos el derecho a la educaci\u00f3n integral de las sexualidades como recurso ante las vulneraciones, discriminaciones y opresiones que viven las infancias, adolescencias y mujeres.<\/p>\n","protected":false},"author":1,"featured_media":617,"parent":0,"menu_order":0,"comment_status":"closed","ping_status":"open","template":"","meta":{"footnotes":""},"class_list":["post-2","page","type-page","status-publish","has-post-thumbnail","hentry"],"jetpack_sharing_enabled":true,"_links":{"self":[{"href":"https:\/\/yotecreo.org.mx\/wordpress\/index.php?rest_route=\/wp\/v2\/pages\/2","targetHints":{"allow":["GET"]}}],"collection":[{"href":"https:\/\/yotecreo.org.mx\/wordpress\/index.php?rest_route=\/wp\/v2\/pages"}],"about":[{"href":"https:\/\/yotecreo.org.mx\/wordpress\/index.php?rest_route=\/wp\/v2\/types\/page"}],"author":[{"embeddable":true,"href":"https:\/\/yotecreo.org.mx\/wordpress\/index.php?rest_route=\/wp\/v2\/users\/1"}],"replies":[{"embeddable":true,"href":"https:\/\/yotecreo.org.mx\/wordpress\/index.php?rest_route=%2Fwp%2Fv2%2Fcomments&post=2"}],"version-history":[{"count":13,"href":"https:\/\/yotecreo.org.mx\/wordpress\/index.php?rest_route=\/wp\/v2\/pages\/2\/revisions"}],"predecessor-version":[{"id":886,"href":"https:\/\/yotecreo.org.mx\/wordpress\/index.php?rest_route=\/wp\/v2\/pages\/2\/revisions\/886"}],"wp:featuredmedia":[{"embeddable":true,"href":"https:\/\/yotecreo.org.mx\/wordpress\/index.php?rest_route=\/wp\/v2\/media\/617"}],"wp:attachment":[{"href":"https:\/\/yotecreo.org.mx\/wordpress\/index.php?rest_route=%2Fwp%2Fv2%2Fmedia&parent=2"}],"curies":[{"name":"wp","href":"https:\/\/api.w.org\/{rel}","templated":true}]}}