{"id":152,"date":"2022-01-21T13:58:51","date_gmt":"2022-01-21T19:58:51","guid":{"rendered":"https:\/\/yotecreo.org.mx\/wordpress\/?page_id=152"},"modified":"2024-06-08T11:30:02","modified_gmt":"2024-06-08T17:30:02","slug":"conocenos","status":"publish","type":"page","link":"https:\/\/yotecreo.org.mx\/wordpress\/?page_id=152","title":{"rendered":"Con\u00f3cenos"},"content":{"rendered":"\n<div class=\"wp-block-media-text alignwide is-stacked-on-mobile is-vertically-aligned-center imagen-integrante\"><figure class=\"wp-block-media-text__media\"><img loading=\"lazy\" decoding=\"async\" width=\"554\" height=\"554\" src=\"https:\/\/yotecreo.org.mx\/wordpress\/wp-content\/uploads\/2022\/01\/IMG_20220121_102049.jpg\" alt=\"\" class=\"wp-image-153 size-full\" srcset=\"https:\/\/yotecreo.org.mx\/wordpress\/wp-content\/uploads\/2022\/01\/IMG_20220121_102049.jpg 554w, https:\/\/yotecreo.org.mx\/wordpress\/wp-content\/uploads\/2022\/01\/IMG_20220121_102049-300x300.jpg 300w, https:\/\/yotecreo.org.mx\/wordpress\/wp-content\/uploads\/2022\/01\/IMG_20220121_102049-150x150.jpg 150w, https:\/\/yotecreo.org.mx\/wordpress\/wp-content\/uploads\/2022\/01\/IMG_20220121_102049-70x70.jpg 70w, https:\/\/yotecreo.org.mx\/wordpress\/wp-content\/uploads\/2022\/01\/IMG_20220121_102049-246x246.jpg 246w, https:\/\/yotecreo.org.mx\/wordpress\/wp-content\/uploads\/2022\/01\/IMG_20220121_102049-276x276.jpg 276w, https:\/\/yotecreo.org.mx\/wordpress\/wp-content\/uploads\/2022\/01\/IMG_20220121_102049-125x125.jpg 125w\" sizes=\"auto, (max-width: 554px) 100vw, 554px\" \/><\/figure><div class=\"wp-block-media-text__content\">\n<p class=\"has-text-align-center has-text-color has-normal-font-size\" style=\"color:#9b3eaa\"><strong>Ingrid Guerrero<\/strong><\/p>\n\n\n\n<p class=\"has-text-align-center has-text-color has-small-font-size\" style=\"color:#6a6a6a\"><strong>Sex\u00f3loga, psicoterapeuta y psicoterapeuta sexual feminista<\/strong><\/p>\n\n\n\n<p class=\"has-text-align-center has-black-color has-text-color has-small-font-size\"><strong> <\/strong>Especialista en atenci\u00f3n de las violencias sexuales en la ni\u00f1ez, embarazo y maternidad infantil forzada, as\u00ed como violencia de g\u00e9nero. Educadora sexual con enfoque de derechos humanos y diversidades. Autora y coautora de art\u00edculos acad\u00e9micos sobre sexualidad y protocolos para la atenci\u00f3n de violencias sexuales en la ni\u00f1ez. L\u00edder de proyectos formativos, educativos y de incidencia en pol\u00edtica p\u00fablica en materia de sexualidad, derechos y cuidados.<\/p>\n<\/div><\/div>\n\n\n\n<hr class=\"wp-block-separator has-text-color has-white-color has-css-opacity has-white-background-color has-background is-style-dots\"\/>\n\n\n\n<div class=\"wp-block-media-text alignwide has-media-on-the-right is-stacked-on-mobile is-vertically-aligned-center imagen-integrante\"><div class=\"wp-block-media-text__content\">\n<p class=\"has-text-align-center has-text-color has-normal-font-size\" style=\"color:#9b3eaa\"><strong>Melissa Ba\u00f1os<\/strong><\/p>\n\n\n\n<p class=\"has-text-align-center has-text-color has-small-font-size\" style=\"color:#6a6a6a\"><strong>Psic\u00f3loga feminista y maestra en ciencias sociales<\/strong><\/p>\n\n\n\n<p class=\"has-text-align-center has-black-color has-text-color has-small-font-size\">Coordinadora de psicolog\u00eda y de programas psicoeducativos. Atenci\u00f3n psicol\u00f3gica a mujeres sobrevivientes de violencia de g\u00e9nero. L\u00edder de proyectos educativos, formativos y de incidencia en pol\u00edtica p\u00fablica con enfoque de derechos humanos.<\/p>\n<\/div><figure class=\"wp-block-media-text__media\"><img loading=\"lazy\" decoding=\"async\" width=\"1024\" height=\"1024\" src=\"https:\/\/yotecreo.org.mx\/wordpress\/wp-content\/uploads\/2022\/01\/IMG_20220121_102235-1-1024x1024.jpg\" alt=\"\" class=\"wp-image-166 size-full\" srcset=\"https:\/\/yotecreo.org.mx\/wordpress\/wp-content\/uploads\/2022\/01\/IMG_20220121_102235-1-1024x1024.jpg 1024w, https:\/\/yotecreo.org.mx\/wordpress\/wp-content\/uploads\/2022\/01\/IMG_20220121_102235-1-300x300.jpg 300w, https:\/\/yotecreo.org.mx\/wordpress\/wp-content\/uploads\/2022\/01\/IMG_20220121_102235-1-150x150.jpg 150w, https:\/\/yotecreo.org.mx\/wordpress\/wp-content\/uploads\/2022\/01\/IMG_20220121_102235-1-768x768.jpg 768w, https:\/\/yotecreo.org.mx\/wordpress\/wp-content\/uploads\/2022\/01\/IMG_20220121_102235-1-1536x1536.jpg 1536w, https:\/\/yotecreo.org.mx\/wordpress\/wp-content\/uploads\/2022\/01\/IMG_20220121_102235-1-2048x2048.jpg 2048w, https:\/\/yotecreo.org.mx\/wordpress\/wp-content\/uploads\/2022\/01\/IMG_20220121_102235-1-70x70.jpg 70w, https:\/\/yotecreo.org.mx\/wordpress\/wp-content\/uploads\/2022\/01\/IMG_20220121_102235-1-246x246.jpg 246w, https:\/\/yotecreo.org.mx\/wordpress\/wp-content\/uploads\/2022\/01\/IMG_20220121_102235-1-276x276.jpg 276w, https:\/\/yotecreo.org.mx\/wordpress\/wp-content\/uploads\/2022\/01\/IMG_20220121_102235-1-125x125.jpg 125w\" sizes=\"auto, (max-width: 1024px) 100vw, 1024px\" \/><\/figure><\/div>\n\n\n\n<hr class=\"wp-block-separator has-text-color has-white-color has-css-opacity has-white-background-color has-background is-style-dots\"\/>\n\n\n\n<div class=\"wp-block-columns is-layout-flex wp-container-core-columns-is-layout-28f84493 wp-block-columns-is-layout-flex\">\n<div class=\"wp-block-column is-layout-flow wp-block-column-is-layout-flow\" style=\"flex-basis:100%\">\n<hr class=\"wp-block-separator has-text-color has-white-color has-css-opacity has-white-background-color has-background is-style-dots\"\/>\n<\/div>\n<\/div>\n","protected":false},"excerpt":{"rendered":"<p>Ingrid Guerrero Sex\u00f3loga, psicoterapeuta y psicoterapeuta sexual feminista Especialista en atenci\u00f3n de las violencias sexuales en la ni\u00f1ez, embarazo y maternidad infantil forzada, as\u00ed como violencia de g\u00e9nero. Educadora sexual con enfoque de derechos humanos y diversidades. Autora y coautora de art\u00edculos acad\u00e9micos sobre sexualidad y protocolos para la atenci\u00f3n [&hellip;]<\/p>\n","protected":false},"author":2,"featured_media":0,"parent":0,"menu_order":0,"comment_status":"closed","ping_status":"closed","template":"","meta":{"footnotes":""},"class_list":["post-152","page","type-page","status-publish","hentry"],"jetpack_sharing_enabled":true,"_links":{"self":[{"href":"https:\/\/yotecreo.org.mx\/wordpress\/index.php?rest_route=\/wp\/v2\/pages\/152","targetHints":{"allow":["GET"]}}],"collection":[{"href":"https:\/\/yotecreo.org.mx\/wordpress\/index.php?rest_route=\/wp\/v2\/pages"}],"about":[{"href":"https:\/\/yotecreo.org.mx\/wordpress\/index.php?rest_route=\/wp\/v2\/types\/page"}],"author":[{"embeddable":true,"href":"https:\/\/yotecreo.org.mx\/wordpress\/index.php?rest_route=\/wp\/v2\/users\/2"}],"replies":[{"embeddable":true,"href":"https:\/\/yotecreo.org.mx\/wordpress\/index.php?rest_route=%2Fwp%2Fv2%2Fcomments&post=152"}],"version-history":[{"count":24,"href":"https:\/\/yotecreo.org.mx\/wordpress\/index.php?rest_route=\/wp\/v2\/pages\/152\/revisions"}],"predecessor-version":[{"id":923,"href":"https:\/\/yotecreo.org.mx\/wordpress\/index.php?rest_route=\/wp\/v2\/pages\/152\/revisions\/923"}],"wp:attachment":[{"href":"https:\/\/yotecreo.org.mx\/wordpress\/index.php?rest_route=%2Fwp%2Fv2%2Fmedia&parent=152"}],"curies":[{"name":"wp","href":"https:\/\/api.w.org\/{rel}","templated":true}]}}